{"id":57,"date":"2025-10-20T18:10:15","date_gmt":"2025-10-20T18:10:15","guid":{"rendered":"https:\/\/retrocamispain.bernat26.es\/?page_id=57"},"modified":"2025-10-24T17:03:53","modified_gmt":"2025-10-24T17:03:53","slug":"politicas-de-privacidad-y-pago","status":"publish","type":"page","link":"https:\/\/retrocamispain.bernat26.es\/?page_id=57","title":{"rendered":"POL\u00cdTICAS DE PRIVACIDAD Y PAGO"},"content":{"rendered":"\n<div class=\"wp-block-uagb-container uagb-block-e13bb3a7 alignfull uagb-is-root-container\"><div class=\"uagb-container-inner-blocks-wrap\">\n<p><\/p>\n\n\n\n<h2 class=\"wp-block-heading alignfull has-ast-global-color-8-color has-text-color has-link-color wp-elements-453b4477ff600e4d0490c3f75c5cb281\">POL\u00cdTICAS DE PRIVACIDAD Y PAGO<\/h2>\n\n\n\n<h3 class=\"wp-block-heading has-ast-global-color-8-color has-text-color has-link-color wp-elements-5cee3ff009ac2ce33165f2fcbb31bf7a\">1. Protecci\u00f3n de datos personales<\/h3>\n\n\n\n<p class=\"has-ast-global-color-8-color has-text-color has-link-color wp-elements-1b679091c07eccce87e1fb1bcca92505\">En <strong>RETROCAMISPAIN<\/strong>, respetamos la privacidad de nuestros clientes y nos comprometemos a proteger sus datos personales. Toda la informaci\u00f3n que nos proporciones ser\u00e1 tratada de forma confidencial y conforme a la normativa vigente, especialmente el Reglamento General de Protecci\u00f3n de Datos (RGPD).<\/p>\n\n\n\n<p class=\"has-ast-global-color-8-color has-text-color has-link-color wp-elements-ef81d5313ef085514f0a4d47cd09ebc8\">Recogemos \u00fanicamente los datos necesarios para gestionar tus pedidos, ofrecerte un servicio adecuado y mejorar tu experiencia en nuestra tienda. En ning\u00fan caso tus datos ser\u00e1n cedidos o vendidos a terceros sin tu consentimiento expreso.<\/p>\n\n\n\n<h3 class=\"wp-block-heading has-ast-global-color-8-color has-text-color has-link-color wp-elements-377e827c9e3eb8adc800d80e045c6f5d\">2. Uso de la informaci\u00f3n<\/h3>\n\n\n\n<p class=\"has-ast-global-color-8-color has-text-color has-link-color wp-elements-1db4c9fc40a5013891b2c23311778523\">Los datos personales que nos facilites se utilizar\u00e1n para:<\/p>\n\n\n\n<ul class=\"wp-block-list\">\n<li class=\"has-ast-global-color-8-color has-text-color has-link-color wp-elements-3456f1e89a02da9a468f0310b51a7e97\">Gestionar y enviar tus pedidos de forma correcta.<\/li>\n\n\n\n<li class=\"has-ast-global-color-8-color has-text-color has-link-color wp-elements-3e76c9b34dfdd7d14f712bc03a4b1538\">Comunicarnos contigo en relaci\u00f3n con tu compra o consultas.<\/li>\n\n\n\n<li class=\"has-ast-global-color-8-color has-text-color has-link-color wp-elements-5f7a1af8ee7999f0a3f5bc98cb7293d0\">Mejorar nuestros productos y servicios.<\/li>\n\n\n\n<li class=\"has-ast-global-color-8-color has-text-color has-link-color wp-elements-d40335ba6e6b1d7480377fa61e925848\">Enviarte informaci\u00f3n o promociones, siempre que lo autorices previamente.<\/li>\n<\/ul>\n\n\n\n<p class=\"has-ast-global-color-8-color has-text-color has-link-color wp-elements-5faa36fecc9be857baad208cd4d4f2aa\">Puedes ejercer tus derechos de acceso, rectificaci\u00f3n, cancelaci\u00f3n o eliminaci\u00f3n de tus datos escribiendo a nuestro correo electr\u00f3nico.<\/p>\n\n\n\n<h3 class=\"wp-block-heading has-ast-global-color-8-color has-text-color has-link-color wp-elements-75af2e9a0220b68736650dfa9ce50c8f\">3. Seguridad de los pagos<\/h3>\n\n\n\n<p class=\"has-ast-global-color-8-color has-text-color has-link-color wp-elements-36505a0718e66f1c169a77c928e89682\">En <strong>RETROCAMISPAIN<\/strong> garantizamos la m\u00e1xima seguridad en todas las transacciones. Utilizamos pasarelas de pago cifradas y proveedores de confianza como <strong>PayPal<\/strong>, <strong>Stripe<\/strong> o <strong>Redsys<\/strong>, que protegen la informaci\u00f3n mediante sistemas de encriptaci\u00f3n seguros (SSL).<\/p>\n\n\n\n<p class=\"has-ast-global-color-8-color has-text-color has-link-color wp-elements-b73d264b527e01194029ac0229bea7de\">Tus datos bancarios no se almacenan en nuestros servidores, y la transmisi\u00f3n de informaci\u00f3n se realiza de manera totalmente segura entre el cliente y la plataforma de pago.<\/p>\n\n\n\n<p class=\"has-ast-global-color-8-color has-text-color has-link-color wp-elements-e856a36689ffdbc8be2c1719c35a98c0\">Aceptamos los siguientes m\u00e9todos de pago:<\/p>\n\n\n\n<ul class=\"wp-block-list\">\n<li class=\"has-ast-global-color-8-color has-text-color has-link-color wp-elements-a88d83cc6f9eebb99e76434e8e5aa8a0\">Tarjeta de cr\u00e9dito o d\u00e9bito (Visa, Mastercard, etc.)<\/li>\n\n\n\n<li class=\"has-ast-global-color-8-color has-text-color has-link-color wp-elements-5853155e728b9feff7961d9e5959ef4b\">PayPal<\/li>\n\n\n\n<li class=\"has-ast-global-color-8-color has-text-color has-link-color wp-elements-bc7e252600f2b7aba0cce1a3af47198a\">Transferencia bancaria (si est\u00e1 disponible)<\/li>\n<\/ul>\n\n\n\n<p class=\"has-ast-global-color-8-color has-text-color has-link-color wp-elements-2da34382d1df31647071be46292fdfc0\">En caso de cualquier incidencia con el pago o duda sobre la seguridad de la transacci\u00f3n, puedes contactar con nosotros en nuestro correo electr\u00f3nico.<\/p>\n<\/div><\/div>\n","protected":false},"excerpt":{"rendered":"<p>POL\u00cdTICAS DE PRIVACIDAD Y PAGO 1. Protecci\u00f3n de datos personales En RETROCAMISPAIN, respetamos la privacidad de nuestros clientes y nos [&hellip;]<\/p>\n","protected":false},"author":1,"featured_media":0,"parent":0,"menu_order":0,"comment_status":"closed","ping_status":"closed","template":"","meta":{"_uag_custom_page_level_css":"","site-sidebar-layout":"default","site-content-layout":"","ast-site-content-layout":"default","site-content-style":"default","site-sidebar-style":"default","ast-global-header-display":"","ast-banner-title-visibility":"","ast-main-header-display":"","ast-hfb-above-header-display":"","ast-hfb-below-header-display":"","ast-hfb-mobile-header-display":"","site-post-title":"disabled","ast-breadcrumbs-content":"","ast-featured-img":"","footer-sml-layout":"","theme-transparent-header-meta":"","adv-header-id-meta":"","stick-header-meta":"","header-above-stick-meta":"","header-main-stick-meta":"","header-below-stick-meta":"","astra-migrate-meta-layouts":"default","ast-page-background-enabled":"default","ast-page-background-meta":{"desktop":{"background-color":"var(--ast-global-color-5)","background-image":"","background-repeat":"repeat","background-position":"center center","background-size":"auto","background-attachment":"scroll","background-type":"","background-media":"","overlay-type":"","overlay-color":"","overlay-opacity":"","overlay-gradient":""},"tablet":{"background-color":"","background-image":"","background-repeat":"repeat","background-position":"center center","background-size":"auto","background-attachment":"scroll","background-type":"","background-media":"","overlay-type":"","overlay-color":"","overlay-opacity":"","overlay-gradient":""},"mobile":{"background-color":"","background-image":"","background-repeat":"repeat","background-position":"center center","background-size":"auto","background-attachment":"scroll","background-type":"","background-media":"","overlay-type":"","overlay-color":"","overlay-opacity":"","overlay-gradient":""}},"ast-content-background-meta":{"desktop":{"background-color":"var(--ast-global-color-4)","background-image":"","background-repeat":"repeat","background-position":"center center","background-size":"auto","background-attachment":"scroll","background-type":"","background-media":"","overlay-type":"","overlay-color":"","overlay-opacity":"","overlay-gradient":""},"tablet":{"background-color":"var(--ast-global-color-4)","background-image":"","background-repeat":"repeat","background-position":"center center","background-size":"auto","background-attachment":"scroll","background-type":"","background-media":"","overlay-type":"","overlay-color":"","overlay-opacity":"","overlay-gradient":""},"mobile":{"background-color":"var(--ast-global-color-4)","background-image":"","background-repeat":"repeat","background-position":"center center","background-size":"auto","background-attachment":"scroll","background-type":"","background-media":"","overlay-type":"","overlay-color":"","overlay-opacity":"","overlay-gradient":""}},"footnotes":""},"class_list":["post-57","page","type-page","status-publish","hentry"],"uagb_featured_image_src":{"full":false,"thumbnail":false,"medium":false,"medium_large":false,"large":false,"1536x1536":false,"2048x2048":false,"woocommerce_thumbnail":false,"woocommerce_single":false,"woocommerce_gallery_thumbnail":false},"uagb_author_info":{"display_name":"admin","author_link":"https:\/\/retrocamispain.bernat26.es\/author\/alvaro01"},"uagb_comment_info":0,"uagb_excerpt":"POL\u00cdTICAS DE PRIVACIDAD Y PAGO 1. Protecci\u00f3n de datos personales En RETROCAMISPAIN, respetamos la privacidad de nuestros clientes y nos [&hellip;]","jetpack_sharing_enabled":true,"_links":{"self":[{"href":"https:\/\/retrocamispain.bernat26.es\/index.php?rest_route=\/wp\/v2\/pages\/57","targetHints":{"allow":["GET"]}}],"collection":[{"href":"https:\/\/retrocamispain.bernat26.es\/index.php?rest_route=\/wp\/v2\/pages"}],"about":[{"href":"https:\/\/retrocamispain.bernat26.es\/index.php?rest_route=\/wp\/v2\/types\/page"}],"author":[{"embeddable":true,"href":"https:\/\/retrocamispain.bernat26.es\/index.php?rest_route=\/wp\/v2\/users\/1"}],"replies":[{"embeddable":true,"href":"https:\/\/retrocamispain.bernat26.es\/index.php?rest_route=%2Fwp%2Fv2%2Fcomments&post=57"}],"version-history":[{"count":13,"href":"https:\/\/retrocamispain.bernat26.es\/index.php?rest_route=\/wp\/v2\/pages\/57\/revisions"}],"predecessor-version":[{"id":112,"href":"https:\/\/retrocamispain.bernat26.es\/index.php?rest_route=\/wp\/v2\/pages\/57\/revisions\/112"}],"wp:attachment":[{"href":"https:\/\/retrocamispain.bernat26.es\/index.php?rest_route=%2Fwp%2Fv2%2Fmedia&parent=57"}],"curies":[{"name":"wp","href":"https:\/\/api.w.org\/{rel}","templated":true}]}}