{"id":14,"date":"2025-10-13T17:54:04","date_gmt":"2025-10-13T17:54:04","guid":{"rendered":"https:\/\/retrocamispain.bernat26.es\/?page_id=14"},"modified":"2025-12-02T12:48:35","modified_gmt":"2025-12-02T12:48:35","slug":"home","status":"publish","type":"page","link":"https:\/\/retrocamispain.bernat26.es\/","title":{"rendered":"HOME"},"content":{"rendered":"\n<div class=\"wp-block-uagb-container uagb-block-77fdf050 alignfull uagb-is-root-container\"><div class=\"uagb-container-inner-blocks-wrap\">\n<p><\/p>\n\n\n\n<h2 class=\"wp-block-heading alignfull has-ast-global-color-8-color has-text-color has-link-color wp-elements-5b95e2e03ea454e80e910d3b7dc92b3a\">\u201c100 puntos, un estilo eterno. Viste la historia blanca del 2012.\u201d<\/h2>\n\n\n\n<div class=\"wp-block-uagb-container uagb-block-7b2494f2 alignfull uagb-is-root-container\"><div class=\"uagb-container-inner-blocks-wrap\">\n<div class=\"wp-block-uagb-container uagb-block-2aeee514\">\n<p class=\"has-ast-global-color-8-color has-text-color has-link-color wp-elements-e672c78a5bbea10e9c0311c860993e3a\">La camiseta blanca del Real Madrid 2012 mantiene la elegancia cl\u00e1sica de la Casa Blanca.<br>Presenta detalles en <strong>dorado<\/strong>, combinando tradici\u00f3n y estilo moderno.<br>Fue el uniforme que acompa\u00f1\u00f3 al equipo durante la <strong>temporada 2011-2012<\/strong>, bajo Jos\u00e9 Mourinho.<br>Esa temporada fue hist\u00f3rica por <strong>ganar LaLiga con r\u00e9cord de puntos (100)<\/strong>, con Cristiano Ronaldo como protagonista en el ataque.<br>Los aficionados la recuerdan como s\u00edmbolo de <strong>dominancia en Espa\u00f1a y un f\u00fatbol espectacular<\/strong>.<\/p>\n<\/div>\n\n\n\n<div class=\"wp-block-uagb-container uagb-block-dce528ec\">\n<div class=\"wp-block-uagb-image uagb-block-d6b41cc5 wp-block-uagb-image--layout-default wp-block-uagb-image--effect-static wp-block-uagb-image--align-none\"><figure class=\"wp-block-uagb-image__figure\"><img decoding=\"async\" srcset=\"https:\/\/retrocamispain.bernat26.es\/wp-content\/uploads\/2025\/12\/Camiseta-vintage-Real-Madrid-2011-2012-500x500-2.jpg ,https:\/\/retrocamispain.bernat26.es\/wp-content\/uploads\/2025\/12\/Camiseta-vintage-Real-Madrid-2011-2012-500x500-2.jpg 780w, https:\/\/retrocamispain.bernat26.es\/wp-content\/uploads\/2025\/12\/Camiseta-vintage-Real-Madrid-2011-2012-500x500-2.jpg 360w\" sizes=\"auto, (max-width: 480px) 150px\" src=\"https:\/\/retrocamispain.bernat26.es\/wp-content\/uploads\/2025\/12\/Camiseta-vintage-Real-Madrid-2011-2012-500x500-2.jpg\" alt=\"\" class=\"uag-image-279\" width=\"305\" height=\"305\" title=\"Camiseta-vintage-Real-Madrid-2011-2012-500x500\" loading=\"lazy\" role=\"img\"\/><\/figure><\/div>\n<\/div>\n<\/div><\/div>\n\n\n\n<h2 class=\"wp-block-heading has-ast-global-color-8-color has-text-color has-link-color wp-elements-14a8b3c07e96bf40759dcbe03fb13f97\">Qu\u00e9 ofrecemos y que somos<\/h2>\n\n\n\n<p class=\"has-ast-global-color-8-color has-text-color has-link-color wp-elements-83329f6b1ea50b16527ce9b6bd0197d0\">Nuestro objetivo es ofrecer la experiencia de saber de la historia de nuestro futbol a trav\u00e9s de las <strong>camisetas retro \u00fanicas<\/strong>, con dise\u00f1os fieles a los originales y una calidad cuidada al detalle. En cada prenda a trav\u00e9s de nuestra p\u00e1gina podr\u00e1s saber una historia: un gol inolvidable, una temporada legendaria o un jugador que dej\u00f3 huella.<\/p>\n\n\n\n<p class=\"has-black-color has-text-color has-link-color wp-elements-0558c379cd49d661882737f8e41a08e0\">En <strong>RETROCAMISPAIN<\/strong> trabajamos para que los verdaderos aficionados puedan revivir esos momentos m\u00e1gicos del f\u00fatbol espa\u00f1ol, ya sea coleccionando o luciendo con orgullo los colores de su equipo.<\/p>\n\n\n\n<p class=\"has-black-color has-text-color has-link-color wp-elements-8ee4d07d069a7aaa84063cb71525b049\"><strong>RETROCAMISPAIN<\/strong> es una tienda online especializada en <strong>camisetas retro de equipos de Primera y Segunda Divisi\u00f3n<\/strong> del f\u00fatbol espa\u00f1ol. Aqu\u00ed encontrar\u00e1s modelos hist\u00f3ricos, ediciones especiales y dise\u00f1os cl\u00e1sicos de los clubes que marcaron la historia de nuestro deporte.<\/p>\n\n\n\n<h2 class=\"wp-block-heading has-black-color has-text-color has-link-color wp-elements-13e31bcbb0a6deb45a70a19dc2101ae6\">Lo M\u00e1s Popular<\/h2>\n\n\n\n<div class=\"wp-block-uagb-container uagb-block-2e0f9bdb alignfull uagb-is-root-container\"><div class=\"uagb-container-inner-blocks-wrap\">\n<div class=\"wp-block-uagb-container uagb-block-7473f598\"><div data-block-name=\"woocommerce\/featured-product\" data-edit-mode=\"false\" data-product-id=\"295\" class=\"wc-block-featured-product alignnone has-background-dim wp-block-woocommerce-featured-product\" style=\"min-height:500px;\"><div class=\"wc-block-featured-product__wrapper\"><div class=\"background-dim__overlay\" style=\"background-color: #000000\"><\/div><img decoding=\"async\" alt=\"Impresionante Camiseta Visitante Real Madrid 2011\/12\" class=\"wc-block-featured-product__background-image\" src=\"https:\/\/retrocamispain.bernat26.es\/wp-content\/uploads\/2025\/12\/vistante-2011-12-real-madrid-768x1024.jpg\" style=\"object-fit: none;object-position: 50% 50%;\" \/><h2 class=\"wc-block-featured-product__title\">Impresionante Camiseta Visitante Real Madrid 2011\/12<\/h2><div class=\"wc-block-featured-product__description\"><h1 data-start=\"311\" data-end=\"382\">Camiseta Visitante Real Madrid 2011\/12: Poder, Modernidad y R\u00e9cords<\/h1>\n<p data-start=\"384\" data-end=\"824\">La <strong data-start=\"387\" data-end=\"429\">Camiseta Visitante Real Madrid 2011\/12<\/strong> negra fue una de las equipaciones m\u00e1s elegantes y modernas del club. Su combinaci\u00f3n de negro intenso con detalles dorados marc\u00f3 tendencia y se convirti\u00f3 en un s\u00ed&#8230;<\/p>\n<\/div><div class=\"wc-block-featured-product__price\"><span class=\"woocommerce-Price-amount amount\">90,00&nbsp;<span class=\"woocommerce-Price-currencySymbol\">&euro;<\/span><\/span><\/div><div class=\"wc-block-featured-product__link\">\n\n<div class=\"wp-block-buttons is-content-justification-center is-layout-flex wp-container-core-buttons-is-layout-a89b3969 wp-block-buttons-is-layout-flex\">\n<div class=\"wp-block-button\"><a class=\"wp-block-button__link wp-element-button\" href=\"https:\/\/retrocamispain.bernat26.es\/?product=camiseta-visitante-real-madrid-2011-12\">Comprar ahora<\/a><\/div>\n<\/div>\n\n<\/div><\/div><\/div><\/div>\n\n\n\n<div class=\"wp-block-uagb-container uagb-block-f35d5f89\"><div data-block-name=\"woocommerce\/featured-product\" data-edit-mode=\"false\" data-product-id=\"304\" class=\"wc-block-featured-product alignnone has-background-dim wp-block-woocommerce-featured-product\" style=\"min-height:500px;\"><div class=\"wc-block-featured-product__wrapper\"><div class=\"background-dim__overlay\" style=\"background-color: #000000\"><\/div><img decoding=\"async\" alt=\"Incre\u00edble Camiseta Local FC Barcelona 2008\/09\" class=\"wc-block-featured-product__background-image\" src=\"https:\/\/retrocamispain.bernat26.es\/wp-content\/uploads\/2025\/12\/barcelona-2008-09-1024x1024.jpeg\" style=\"object-fit: none;object-position: 50% 50%;\" \/><h2 class=\"wc-block-featured-product__title\">Incre\u00edble Camiseta Local FC Barcelona 2008\/09<\/h2><h3 class=\"wc-block-featured-product__variation\">Dorsal: 10<\/h3><div class=\"wc-block-featured-product__description\"><\/div><div class=\"wc-block-featured-product__price\"><span class=\"woocommerce-Price-amount amount\">100,00&nbsp;<span class=\"woocommerce-Price-currencySymbol\">&euro;<\/span><\/span><\/div><div class=\"wc-block-featured-product__link\">\n\n<div class=\"wp-block-buttons is-content-justification-center is-layout-flex wp-container-core-buttons-is-layout-a89b3969 wp-block-buttons-is-layout-flex\">\n<div class=\"wp-block-button\"><a class=\"wp-block-button__link wp-element-button\" href=\"https:\/\/retrocamispain.bernat26.es\/?product=camiseta-fc-barcelona&amp;attribute_dorsal=10\">Comprar ahora<\/a><\/div>\n<\/div>\n\n<\/div><\/div><\/div><\/div>\n\n\n\n<div class=\"wp-block-uagb-container uagb-block-4bfb4d6e\"><div data-block-name=\"woocommerce\/featured-product\" data-edit-mode=\"false\" data-product-id=\"291\" class=\"wc-block-featured-product alignnone has-background-dim wp-block-woocommerce-featured-product\" style=\"min-height:500px;\"><div class=\"wc-block-featured-product__wrapper\"><div class=\"background-dim__overlay\" style=\"background-color: #000000\"><\/div><img decoding=\"async\" alt=\"Espectacular Camiseta Local RCD Espanyol 2018\/19\" class=\"wc-block-featured-product__background-image\" src=\"https:\/\/retrocamispain.bernat26.es\/wp-content\/uploads\/2025\/12\/espanyol-2018.jpg\" style=\"object-fit: none;object-position: 50% 50%;\" \/><h2 class=\"wc-block-featured-product__title\">Espectacular Camiseta Local RCD Espanyol 2018\/19<\/h2><div class=\"wc-block-featured-product__description\"><h1 data-start=\"308\" data-end=\"375\">Camiseta Local RCD Espanyol 2018\/19: Identidad Perica al M\u00e1ximo<\/h1>\n<p data-start=\"377\" data-end=\"618\">La <strong data-start=\"380\" data-end=\"419\">Camiseta Local RCD Espanyol 2018\/19<\/strong> destaca por su dise\u00f1o moderno y su fidelidad a la identidad blanquiazul. Representa una temporada emocionante para los aficionados pericos, quienes vivieron cada partid&#8230;<\/p>\n<\/div><div class=\"wc-block-featured-product__price\"><span class=\"woocommerce-Price-amount amount\">55,00&nbsp;<span class=\"woocommerce-Price-currencySymbol\">&euro;<\/span><\/span><\/div><div class=\"wc-block-featured-product__link\">\n\n<div class=\"wp-block-buttons is-content-justification-center is-layout-flex wp-container-core-buttons-is-layout-a89b3969 wp-block-buttons-is-layout-flex\">\n<div class=\"wp-block-button\"><a class=\"wp-block-button__link wp-element-button\" href=\"https:\/\/retrocamispain.bernat26.es\/?product=camiseta-local-rcd-espanyol-2018-19\">Comprar ahora<\/a><\/div>\n<\/div>\n\n<\/div><\/div><\/div><\/div>\n<\/div><\/div>\n\n\n\n<p class=\"has-black-color has-text-color has-link-color wp-elements-9ac00cf961d1ea846fe5a532228b76c6\"><\/p>\n<\/div><\/div>\n\n\n\n<p><\/p>\n","protected":false},"excerpt":{"rendered":"<p>\u201c100 puntos, un estilo eterno. Viste la historia blanca del 2012.\u201d La camiseta blanca del Real Madrid 2012 mantiene la [&hellip;]<\/p>\n","protected":false},"author":1,"featured_media":0,"parent":0,"menu_order":0,"comment_status":"closed","ping_status":"closed","template":"","meta":{"_uag_custom_page_level_css":"","site-sidebar-layout":"default","site-content-layout":"","ast-site-content-layout":"default","site-content-style":"default","site-sidebar-style":"default","ast-global-header-display":"","ast-banner-title-visibility":"","ast-main-header-display":"","ast-hfb-above-header-display":"","ast-hfb-below-header-display":"","ast-hfb-mobile-header-display":"","site-post-title":"disabled","ast-breadcrumbs-content":"","ast-featured-img":"","footer-sml-layout":"","theme-transparent-header-meta":"","adv-header-id-meta":"","stick-header-meta":"","header-above-stick-meta":"","header-main-stick-meta":"","header-below-stick-meta":"","astra-migrate-meta-layouts":"default","ast-page-background-enabled":"default","ast-page-background-meta":{"desktop":{"background-color":"var(--ast-global-color-5)","background-image":"","background-repeat":"repeat","background-position":"center center","background-size":"auto","background-attachment":"scroll","background-type":"","background-media":"","overlay-type":"","overlay-color":"","overlay-opacity":"","overlay-gradient":""},"tablet":{"background-color":"","background-image":"","background-repeat":"repeat","background-position":"center center","background-size":"auto","background-attachment":"scroll","background-type":"","background-media":"","overlay-type":"","overlay-color":"","overlay-opacity":"","overlay-gradient":""},"mobile":{"background-color":"","background-image":"","background-repeat":"repeat","background-position":"center center","background-size":"auto","background-attachment":"scroll","background-type":"","background-media":"","overlay-type":"","overlay-color":"","overlay-opacity":"","overlay-gradient":""}},"ast-content-background-meta":{"desktop":{"background-color":"var(--ast-global-color-4)","background-image":"","background-repeat":"repeat","background-position":"center center","background-size":"auto","background-attachment":"scroll","background-type":"","background-media":"","overlay-type":"","overlay-color":"","overlay-opacity":"","overlay-gradient":""},"tablet":{"background-color":"var(--ast-global-color-4)","background-image":"","background-repeat":"repeat","background-position":"center center","background-size":"auto","background-attachment":"scroll","background-type":"","background-media":"","overlay-type":"","overlay-color":"","overlay-opacity":"","overlay-gradient":""},"mobile":{"background-color":"var(--ast-global-color-4)","background-image":"","background-repeat":"repeat","background-position":"center center","background-size":"auto","background-attachment":"scroll","background-type":"","background-media":"","overlay-type":"","overlay-color":"","overlay-opacity":"","overlay-gradient":""}},"footnotes":""},"class_list":["post-14","page","type-page","status-publish","hentry"],"uagb_featured_image_src":{"full":false,"thumbnail":false,"medium":false,"medium_large":false,"large":false,"1536x1536":false,"2048x2048":false,"woocommerce_thumbnail":false,"woocommerce_single":false,"woocommerce_gallery_thumbnail":false},"uagb_author_info":{"display_name":"admin","author_link":"https:\/\/retrocamispain.bernat26.es\/author\/alvaro01"},"uagb_comment_info":0,"uagb_excerpt":"\u201c100 puntos, un estilo eterno. Viste la historia blanca del 2012.\u201d La camiseta blanca del Real Madrid 2012 mantiene la [&hellip;]","jetpack_sharing_enabled":true,"_links":{"self":[{"href":"https:\/\/retrocamispain.bernat26.es\/index.php?rest_route=\/wp\/v2\/pages\/14","targetHints":{"allow":["GET"]}}],"collection":[{"href":"https:\/\/retrocamispain.bernat26.es\/index.php?rest_route=\/wp\/v2\/pages"}],"about":[{"href":"https:\/\/retrocamispain.bernat26.es\/index.php?rest_route=\/wp\/v2\/types\/page"}],"author":[{"embeddable":true,"href":"https:\/\/retrocamispain.bernat26.es\/index.php?rest_route=\/wp\/v2\/users\/1"}],"replies":[{"embeddable":true,"href":"https:\/\/retrocamispain.bernat26.es\/index.php?rest_route=%2Fwp%2Fv2%2Fcomments&post=14"}],"version-history":[{"count":15,"href":"https:\/\/retrocamispain.bernat26.es\/index.php?rest_route=\/wp\/v2\/pages\/14\/revisions"}],"predecessor-version":[{"id":321,"href":"https:\/\/retrocamispain.bernat26.es\/index.php?rest_route=\/wp\/v2\/pages\/14\/revisions\/321"}],"wp:attachment":[{"href":"https:\/\/retrocamispain.bernat26.es\/index.php?rest_route=%2Fwp%2Fv2%2Fmedia&parent=14"}],"curies":[{"name":"wp","href":"https:\/\/api.w.org\/{rel}","templated":true}]}}